{"id":438,"date":"2023-07-10T17:15:04","date_gmt":"2023-07-10T20:15:04","guid":{"rendered":"https:\/\/casadastintassergipe.com\/?post_type=product&#038;p=438"},"modified":"2023-07-10T17:29:01","modified_gmt":"2023-07-10T20:29:01","slug":"massa-corrida-eucatex-25kg","status":"publish","type":"product","link":"https:\/\/casadastintassergipe.com.br\/?product=massa-corrida-eucatex-25kg","title":{"rendered":"Massa Corrida &#8211; Eucatex 25Kg"},"content":{"rendered":"<p>Eucatex Massa Corrida Premium \u00e9 um produto de primeira linha, indicado para nivelar e corrigir imperfei\u00e7\u00f5es rasas de superf\u00edcies internas de reboco, gesso, massa fina, fibrocimento, concreto, blocos de concreto e paredes pintadas com l\u00e1tex PVA ou acr\u00edlico, proporcionando um acabamento liso e sofisticado. \u00c9 um produto de f\u00e1cil aplica\u00e7\u00e3o, secagem r\u00e1pida e excelente poder de enchimento.<\/p>\n<table class=\"group ESPECIFICACAO-TECNICA\" cellspacing=\"0\">\n<tbody>\n<tr class=\"even\">\n<th class=\"name-field Marca\">Marca<\/th>\n<td class=\"value-field Marca\">Eucatex<\/td>\n<\/tr>\n<tr>\n<th class=\"name-field Classificacao\">Classifica\u00e7\u00e3o<\/th>\n<td class=\"value-field Classificacao\">Massa<\/td>\n<\/tr>\n<tr class=\"even\">\n<th class=\"name-field Embalagem\">Embalagem<\/th>\n<td class=\"value-field Embalagem\">25kg<\/td>\n<\/tr>\n<tr>\n<th class=\"name-field Rendimento\">Rendimento<\/th>\n<td class=\"value-field Rendimento\">Rende at\u00e9 38,5 m\u00b2.<\/td>\n<\/tr>\n<tr class=\"even\">\n<th class=\"name-field Diluicao\">Dilui\u00e7\u00e3o<\/th>\n<td class=\"value-field Diluicao\">Pronto para o uso.<\/td>\n<\/tr>\n<tr>\n<th class=\"name-field Demao\">Dem\u00e3o<\/th>\n<td class=\"value-field Demao\">2 a 3, com intervalo de 2 horas entre as dem\u00e3os.<\/td>\n<\/tr>\n<tr class=\"even\">\n<th class=\"name-field Secagem\">Secagem<\/th>\n<td class=\"value-field Secagem\">Ao toque: 1 hora Final: 4 horas .<\/td>\n<\/tr>\n<tr>\n<th class=\"name-field Ferramenta\">Ferramenta<\/th>\n<td class=\"value-field Ferramenta\">Desempenadeira ou esp\u00e1tula de a\u00e7o.<\/td>\n<\/tr>\n<tr class=\"even\">\n<th class=\"name-field Aplicacao\">Aplica\u00e7\u00e3o<\/th>\n<td class=\"value-field Aplicacao\">\u00c9 indicada somente para ambientes internos, com excelente ader\u00eancia, secagem r\u00e1pida, f\u00e1cil lixamento e grande poder de enchimento deixando a parede mais lisa melhorando o acabamento da pintura<\/td>\n<\/tr>\n<tr>\n<th class=\"name-field Preparo\">Preparo<\/th>\n<td class=\"value-field Preparo\">A superf\u00edcie deve estar firme, coesa, limpa, seca, isenta de poeira, materiais gordurosos e mofo.<\/td>\n<\/tr>\n<tr class=\"even\">\n<th class=\"name-field Comentario\">Coment\u00e1rio<\/th>\n<td class=\"value-field Comentario\">Composi\u00e7\u00e3o: Resina \u00e0 base de dispers\u00e3o aquosa de pol\u00edmeros estireno acr\u00edlico e vin\u00edlicos modificados, cargas minerais inertes, fungicidas e bactericidas, glic\u00f3is e tensoativos.<\/td>\n<\/tr>\n<\/tbody>\n<\/table>\n","protected":false},"excerpt":{"rendered":"<p>Eucatex Massa Corrida Premium \u00e9 um produto de primeira linha, indicado para nivelar e corrigir imperfei\u00e7\u00f5es rasas de superf\u00edcies internas de reboco, gesso, massa fina, fibrocimento, concreto, blocos de concreto e paredes pintadas com l\u00e1tex PVA ou acr\u00edlico, proporcionando um acabamento liso e sofisticado. \u00c9 um produto de f\u00e1cil aplica\u00e7\u00e3o, secagem r\u00e1pida e excelente poder de enchimento.<\/p>\n","protected":false},"featured_media":439,"comment_status":"open","ping_status":"closed","template":"","meta":{"site-sidebar-layout":"default","site-content-layout":"default","ast-site-content-layout":"default","site-content-style":"default","site-sidebar-style":"default","ast-global-header-display":"","ast-banner-title-visibility":"","ast-main-header-display":"","ast-hfb-above-header-display":"","ast-hfb-below-header-display":"","ast-hfb-mobile-header-display":"","site-post-title":"","ast-breadcrumbs-content":"","ast-featured-img":"","footer-sml-layout":"","ast-disable-related-posts":"","theme-transparent-header-meta":"default","adv-header-id-meta":"","stick-header-meta":"","header-above-stick-meta":"","header-main-stick-meta":"","header-below-stick-meta":"","astra-migrate-meta-layouts":"default","ast-page-background-enabled":"default","ast-page-background-meta":{"desktop":{"background-color":"var(--ast-global-color-4)","background-image":"","background-repeat":"repeat","background-position":"center center","background-size":"auto","background-attachment":"scroll","background-type":"","background-media":"","overlay-type":"","overlay-color":"","overlay-opacity":"","overlay-gradient":""},"tablet":{"background-color":"","background-image":"","background-repeat":"repeat","background-position":"center center","background-size":"auto","background-attachment":"scroll","background-type":"","background-media":"","overlay-type":"","overlay-color":"","overlay-opacity":"","overlay-gradient":""},"mobile":{"background-color":"","background-image":"","background-repeat":"repeat","background-position":"center center","background-size":"auto","background-attachment":"scroll","background-type":"","background-media":"","overlay-type":"","overlay-color":"","overlay-opacity":"","overlay-gradient":""}},"ast-content-background-meta":{"desktop":{"background-color":"var(--ast-global-color-5)","background-image":"","background-repeat":"repeat","background-position":"center center","background-size":"auto","background-attachment":"scroll","background-type":"","background-media":"","overlay-type":"","overlay-color":"","overlay-opacity":"","overlay-gradient":""},"tablet":{"background-color":"var(--ast-global-color-5)","background-image":"","background-repeat":"repeat","background-position":"center center","background-size":"auto","background-attachment":"scroll","background-type":"","background-media":"","overlay-type":"","overlay-color":"","overlay-opacity":"","overlay-gradient":""},"mobile":{"background-color":"var(--ast-global-color-5)","background-image":"","background-repeat":"repeat","background-position":"center center","background-size":"auto","background-attachment":"scroll","background-type":"","background-media":"","overlay-type":"","overlay-color":"","overlay-opacity":"","overlay-gradient":""}}},"product_brand":[],"product_cat":[19],"product_tag":[],"class_list":{"0":"post-438","1":"product","2":"type-product","3":"status-publish","4":"has-post-thumbnail","6":"product_cat-sem-categoria","7":"desktop-align-left","8":"tablet-align-left","9":"mobile-align-left","11":"first","12":"instock","13":"shipping-taxable","14":"product-type-simple"},"aioseo_notices":[],"_links":{"self":[{"href":"https:\/\/casadastintassergipe.com.br\/index.php?rest_route=\/wp\/v2\/product\/438","targetHints":{"allow":["GET"]}}],"collection":[{"href":"https:\/\/casadastintassergipe.com.br\/index.php?rest_route=\/wp\/v2\/product"}],"about":[{"href":"https:\/\/casadastintassergipe.com.br\/index.php?rest_route=\/wp\/v2\/types\/product"}],"replies":[{"embeddable":true,"href":"https:\/\/casadastintassergipe.com.br\/index.php?rest_route=%2Fwp%2Fv2%2Fcomments&post=438"}],"wp:featuredmedia":[{"embeddable":true,"href":"https:\/\/casadastintassergipe.com.br\/index.php?rest_route=\/wp\/v2\/media\/439"}],"wp:attachment":[{"href":"https:\/\/casadastintassergipe.com.br\/index.php?rest_route=%2Fwp%2Fv2%2Fmedia&parent=438"}],"wp:term":[{"taxonomy":"product_brand","embeddable":true,"href":"https:\/\/casadastintassergipe.com.br\/index.php?rest_route=%2Fwp%2Fv2%2Fproduct_brand&post=438"},{"taxonomy":"product_cat","embeddable":true,"href":"https:\/\/casadastintassergipe.com.br\/index.php?rest_route=%2Fwp%2Fv2%2Fproduct_cat&post=438"},{"taxonomy":"product_tag","embeddable":true,"href":"https:\/\/casadastintassergipe.com.br\/index.php?rest_route=%2Fwp%2Fv2%2Fproduct_tag&post=438"}],"curies":[{"name":"wp","href":"https:\/\/api.w.org\/{rel}","templated":true}]}}