{"id":445,"date":"2023-07-10T17:45:18","date_gmt":"2023-07-10T20:45:18","guid":{"rendered":"https:\/\/casadastintassergipe.com\/?post_type=product&#038;p=445"},"modified":"2023-07-10T17:45:18","modified_gmt":"2023-07-10T20:45:18","slug":"super-limpador-euroclean-1l","status":"publish","type":"product","link":"https:\/\/casadastintassergipe.com.br\/?product=super-limpador-euroclean-1l","title":{"rendered":"Super Limpador &#8211; Euroclean 1L"},"content":{"rendered":"<p>Poderoso Limpador Super Euroclean 1 Litro<\/p>\n<p>Voc\u00ea j\u00e1 imaginou um produto PODEROSO, EFICAZ e BIODEGRAD\u00c1VEL?<br \/>\nChegou no Brasil, um produto revolucion\u00e1rio de origem EUROPEIA, capaz de remover r\u00e1pida e eficazmente encardidos e manchas em todo tipo de materiais cer\u00e2micos.<\/p>\n<p>O SUPER EUROCLEAN FAZ TUDO ISSO E MUITO MAIS!<\/p>\n<p>\u00c9 eficiente em todo tipo de limpeza, nas situa\u00e7\u00f5es mais dif\u00edceis do dia a dia!<br \/>\nRemove encardidos de pisos e paredes como limo, manchas de fungos e at\u00e9 manchas em vasos sanit\u00e1rios.<br \/>\nAl\u00e9m disso, o Super Euroclean \u00e9 um \u00f3timo aliado na limpeza P\u00d3S-OBRA. De maneira F\u00c1CIL e ECON\u00d4MICA, o poderoso limpador elimina da sua constru\u00e7\u00e3o RESTOS DE CIMENTO, ARGAMASSA e EP\u00d3XI.<br \/>\nFora sua poderosa a\u00e7\u00e3o renovadora, o Super Euroclean \u00e9 amigo do MEIO AMBIENTE por ser BIODEGRAD\u00c1VEL. Para aplicar s\u00f3 precisa de um pulverizador ou esfreg\u00e3o, o resto fica por conta do produto.<br \/>\nColoque o Super Euroclean puro ou dilu\u00eddo sobre a \u00e1rea, deixe agir alguns minutos, depois s\u00f3 retirar e ver sua casa, o seu neg\u00f3cio de cara nova.<\/p>\n<p>O RESULTADO \u00c9 IMPRESSIONANTE!<\/p>\n<p>E VOC\u00ca PODE APLICAR EM QUALQUER TIPO DE PISO E REVESTIMENTO!<br \/>\nDesde PEDRA a PORCELANATO, pode ser usado tamb\u00e9m em limpeza de REJUNTES, FERRUGEM, BANHEIROS, PISCINAS E TELHADOS.<\/p>\n<p>COM SUPER EUROCLEAN TODO MUNDO GANHA, VOC\u00ca, SEU PATRIM\u00d4NIO E O MEIO AMBIENTE.<\/p>\n<p>SUPER EUROCLEAN! O PODEROSO LIMPADOR QUE VAI TRANSFORMAR TUDO EM NOVO!<\/p>\n<p>Cont\u00e9udo: 1 litro<\/p>\n","protected":false},"excerpt":{"rendered":"<p>\u00c9 eficiente em todo tipo de limpeza, nas situa\u00e7\u00f5es mais dif\u00edceis do dia a dia!<br \/>\nRemove encardidos de pisos e paredes como limo, manchas de fungos e at\u00e9 manchas em vasos sanit\u00e1rios.<br \/>\nAl\u00e9m disso, o Super Euroclean \u00e9 um \u00f3timo aliado na limpeza P\u00d3S-OBRA. De maneira F\u00c1CIL e ECON\u00d4MICA, o poderoso limpador elimina da sua constru\u00e7\u00e3o RESTOS DE CIMENTO, ARGAMASSA e EP\u00d3XI.<br \/>\nFora sua poderosa a\u00e7\u00e3o renovadora, o Super Euroclean \u00e9 amigo do MEIO AMBIENTE por ser BIODEGRAD\u00c1VEL. Para aplicar s\u00f3 precisa de um pulverizador ou esfreg\u00e3o, o resto fica por conta do produto.<br \/>\nColoque o Super Euroclean puro ou dilu\u00eddo sobre a \u00e1rea, deixe agir alguns minutos, depois s\u00f3 retirar e ver sua casa, o seu neg\u00f3cio de cara nova.<\/p>\n","protected":false},"featured_media":446,"comment_status":"open","ping_status":"closed","template":"","meta":{"site-sidebar-layout":"default","site-content-layout":"default","ast-site-content-layout":"default","site-content-style":"default","site-sidebar-style":"default","ast-global-header-display":"","ast-banner-title-visibility":"","ast-main-header-display":"","ast-hfb-above-header-display":"","ast-hfb-below-header-display":"","ast-hfb-mobile-header-display":"","site-post-title":"","ast-breadcrumbs-content":"","ast-featured-img":"","footer-sml-layout":"","theme-transparent-header-meta":"default","adv-header-id-meta":"","stick-header-meta":"","header-above-stick-meta":"","header-main-stick-meta":"","header-below-stick-meta":"","astra-migrate-meta-layouts":"default","ast-page-background-enabled":"default","ast-page-background-meta":{"desktop":{"background-color":"var(--ast-global-color-4)","background-image":"","background-repeat":"repeat","background-position":"center center","background-size":"auto","background-attachment":"scroll","background-type":"","background-media":"","overlay-type":"","overlay-color":"","overlay-opacity":"","overlay-gradient":""},"tablet":{"background-color":"","background-image":"","background-repeat":"repeat","background-position":"center center","background-size":"auto","background-attachment":"scroll","background-type":"","background-media":"","overlay-type":"","overlay-color":"","overlay-opacity":"","overlay-gradient":""},"mobile":{"background-color":"","background-image":"","background-repeat":"repeat","background-position":"center center","background-size":"auto","background-attachment":"scroll","background-type":"","background-media":"","overlay-type":"","overlay-color":"","overlay-opacity":"","overlay-gradient":""}},"ast-content-background-meta":{"desktop":{"background-color":"var(--ast-global-color-5)","background-image":"","background-repeat":"repeat","background-position":"center center","background-size":"auto","background-attachment":"scroll","background-type":"","background-media":"","overlay-type":"","overlay-color":"","overlay-opacity":"","overlay-gradient":""},"tablet":{"background-color":"var(--ast-global-color-5)","background-image":"","background-repeat":"repeat","background-position":"center center","background-size":"auto","background-attachment":"scroll","background-type":"","background-media":"","overlay-type":"","overlay-color":"","overlay-opacity":"","overlay-gradient":""},"mobile":{"background-color":"var(--ast-global-color-5)","background-image":"","background-repeat":"repeat","background-position":"center center","background-size":"auto","background-attachment":"scroll","background-type":"","background-media":"","overlay-type":"","overlay-color":"","overlay-opacity":"","overlay-gradient":""}}},"product_brand":[],"product_cat":[19],"product_tag":[],"class_list":{"0":"post-445","1":"product","2":"type-product","3":"status-publish","4":"has-post-thumbnail","6":"product_cat-sem-categoria","7":"desktop-align-left","8":"tablet-align-left","9":"mobile-align-left","11":"first","12":"instock","13":"shipping-taxable","14":"product-type-simple"},"aioseo_notices":[],"_links":{"self":[{"href":"https:\/\/casadastintassergipe.com.br\/index.php?rest_route=\/wp\/v2\/product\/445","targetHints":{"allow":["GET"]}}],"collection":[{"href":"https:\/\/casadastintassergipe.com.br\/index.php?rest_route=\/wp\/v2\/product"}],"about":[{"href":"https:\/\/casadastintassergipe.com.br\/index.php?rest_route=\/wp\/v2\/types\/product"}],"replies":[{"embeddable":true,"href":"https:\/\/casadastintassergipe.com.br\/index.php?rest_route=%2Fwp%2Fv2%2Fcomments&post=445"}],"wp:featuredmedia":[{"embeddable":true,"href":"https:\/\/casadastintassergipe.com.br\/index.php?rest_route=\/wp\/v2\/media\/446"}],"wp:attachment":[{"href":"https:\/\/casadastintassergipe.com.br\/index.php?rest_route=%2Fwp%2Fv2%2Fmedia&parent=445"}],"wp:term":[{"taxonomy":"product_brand","embeddable":true,"href":"https:\/\/casadastintassergipe.com.br\/index.php?rest_route=%2Fwp%2Fv2%2Fproduct_brand&post=445"},{"taxonomy":"product_cat","embeddable":true,"href":"https:\/\/casadastintassergipe.com.br\/index.php?rest_route=%2Fwp%2Fv2%2Fproduct_cat&post=445"},{"taxonomy":"product_tag","embeddable":true,"href":"https:\/\/casadastintassergipe.com.br\/index.php?rest_route=%2Fwp%2Fv2%2Fproduct_tag&post=445"}],"curies":[{"name":"wp","href":"https:\/\/api.w.org\/{rel}","templated":true}]}}