{"id":462,"date":"2023-07-19T11:52:52","date_gmt":"2023-07-19T14:52:52","guid":{"rendered":"https:\/\/casadastintassergipe.com\/?post_type=product&#038;p=462"},"modified":"2023-07-19T11:53:25","modified_gmt":"2023-07-19T14:53:25","slug":"denvercril-parede-fachada-36kg","status":"publish","type":"product","link":"https:\/\/casadastintassergipe.com.br\/?product=denvercril-parede-fachada-36kg","title":{"rendered":"Denvercril Parede &#8211; Fachada 3,6Kg"},"content":{"rendered":"<h2>Manta liquida para fachadas<\/h2>\n<p>Impermeabilizante flex\u00edvel \u00e0 base de pol\u00edmeros acr\u00edlicos aplicado como pintura, possui antimofo e antibactericida.<\/p>\n<h3>CONSUMO<\/h3>\n<p>0,15 a 0,25 kg \/ m\u00b2 \/ dem\u00e3o (Vari\u00e1vel em fun\u00e7\u00e3o do tipo de superf\u00edcie)<\/p>\n<p>ONDE APLICAR<br \/>\nProtege da umidade causada pela batida de chuva em muros, paredes externas e<br \/>\nfachadas, e tamb\u00e9m contra a\u00e7\u00e3o de vapores em tetos de banheiros.<\/p>\n<p>VANTAGENS<br \/>\n* Pode ser utilizado como selador antes da pintura com tinta l\u00e1tex ou acr\u00edlica;<br \/>\n* Aceita pigmentados de tintas acr\u00edlicas;<br \/>\n* Pode ser aplicado como acabamento a partir da terceira dem\u00e3o.<\/p>\n","protected":false},"excerpt":{"rendered":"<p>Manta liquida para fachadas Impermeabilizante flex\u00edvel \u00e0 base de pol\u00edmeros acr\u00edlicos aplicado como pintura, possui antimofo e antibactericida. CONSUMO 0,15 a 0,25 kg \/ m\u00b2 \/ dem\u00e3o (Vari\u00e1vel em fun\u00e7\u00e3o do tipo de superf\u00edcie) ONDE APLICAR Protege da umidade causada pela batida de chuva em muros, paredes externas e fachadas, e tamb\u00e9m contra a\u00e7\u00e3o de [&hellip;]<\/p>\n","protected":false},"featured_media":463,"comment_status":"open","ping_status":"closed","template":"","meta":{"site-sidebar-layout":"default","site-content-layout":"default","ast-site-content-layout":"default","site-content-style":"default","site-sidebar-style":"default","ast-global-header-display":"","ast-banner-title-visibility":"","ast-main-header-display":"","ast-hfb-above-header-display":"","ast-hfb-below-header-display":"","ast-hfb-mobile-header-display":"","site-post-title":"","ast-breadcrumbs-content":"","ast-featured-img":"","footer-sml-layout":"","theme-transparent-header-meta":"default","adv-header-id-meta":"","stick-header-meta":"","header-above-stick-meta":"","header-main-stick-meta":"","header-below-stick-meta":"","astra-migrate-meta-layouts":"default","ast-page-background-enabled":"default","ast-page-background-meta":{"desktop":{"background-color":"var(--ast-global-color-4)","background-image":"","background-repeat":"repeat","background-position":"center center","background-size":"auto","background-attachment":"scroll","background-type":"","background-media":"","overlay-type":"","overlay-color":"","overlay-opacity":"","overlay-gradient":""},"tablet":{"background-color":"","background-image":"","background-repeat":"repeat","background-position":"center center","background-size":"auto","background-attachment":"scroll","background-type":"","background-media":"","overlay-type":"","overlay-color":"","overlay-opacity":"","overlay-gradient":""},"mobile":{"background-color":"","background-image":"","background-repeat":"repeat","background-position":"center center","background-size":"auto","background-attachment":"scroll","background-type":"","background-media":"","overlay-type":"","overlay-color":"","overlay-opacity":"","overlay-gradient":""}},"ast-content-background-meta":{"desktop":{"background-color":"var(--ast-global-color-5)","background-image":"","background-repeat":"repeat","background-position":"center center","background-size":"auto","background-attachment":"scroll","background-type":"","background-media":"","overlay-type":"","overlay-color":"","overlay-opacity":"","overlay-gradient":""},"tablet":{"background-color":"var(--ast-global-color-5)","background-image":"","background-repeat":"repeat","background-position":"center center","background-size":"auto","background-attachment":"scroll","background-type":"","background-media":"","overlay-type":"","overlay-color":"","overlay-opacity":"","overlay-gradient":""},"mobile":{"background-color":"var(--ast-global-color-5)","background-image":"","background-repeat":"repeat","background-position":"center center","background-size":"auto","background-attachment":"scroll","background-type":"","background-media":"","overlay-type":"","overlay-color":"","overlay-opacity":"","overlay-gradient":""}}},"product_brand":[],"product_cat":[19],"product_tag":[],"class_list":{"0":"post-462","1":"product","2":"type-product","3":"status-publish","4":"has-post-thumbnail","6":"product_cat-sem-categoria","7":"desktop-align-left","8":"tablet-align-left","9":"mobile-align-left","11":"first","12":"instock","13":"shipping-taxable","14":"product-type-simple"},"aioseo_notices":[],"_links":{"self":[{"href":"https:\/\/casadastintassergipe.com.br\/index.php?rest_route=\/wp\/v2\/product\/462","targetHints":{"allow":["GET"]}}],"collection":[{"href":"https:\/\/casadastintassergipe.com.br\/index.php?rest_route=\/wp\/v2\/product"}],"about":[{"href":"https:\/\/casadastintassergipe.com.br\/index.php?rest_route=\/wp\/v2\/types\/product"}],"replies":[{"embeddable":true,"href":"https:\/\/casadastintassergipe.com.br\/index.php?rest_route=%2Fwp%2Fv2%2Fcomments&post=462"}],"wp:featuredmedia":[{"embeddable":true,"href":"https:\/\/casadastintassergipe.com.br\/index.php?rest_route=\/wp\/v2\/media\/463"}],"wp:attachment":[{"href":"https:\/\/casadastintassergipe.com.br\/index.php?rest_route=%2Fwp%2Fv2%2Fmedia&parent=462"}],"wp:term":[{"taxonomy":"product_brand","embeddable":true,"href":"https:\/\/casadastintassergipe.com.br\/index.php?rest_route=%2Fwp%2Fv2%2Fproduct_brand&post=462"},{"taxonomy":"product_cat","embeddable":true,"href":"https:\/\/casadastintassergipe.com.br\/index.php?rest_route=%2Fwp%2Fv2%2Fproduct_cat&post=462"},{"taxonomy":"product_tag","embeddable":true,"href":"https:\/\/casadastintassergipe.com.br\/index.php?rest_route=%2Fwp%2Fv2%2Fproduct_tag&post=462"}],"curies":[{"name":"wp","href":"https:\/\/api.w.org\/{rel}","templated":true}]}}